{"id":160767,"date":"2026-01-07T09:55:00","date_gmt":"2026-01-07T08:55:00","guid":{"rendered":"https:\/\/www.castel.fr\/?page_id=160767"},"modified":"2026-01-07T09:56:00","modified_gmt":"2026-01-07T08:56:00","slug":"feliz-ano-nuevo-2","status":"publish","type":"page","link":"https:\/\/www.castel.fr\/en\/feliz-ano-nuevo-2\/","title":{"rendered":"\u00a1Feliz A\u00f1o Nuevo!"},"content":{"rendered":"\n<!--more-->\n\n\n\n<h1 class=\"wp-block-heading\"><strong>2026: \u00a1un a\u00f1o de innovaci\u00f3n y ambici\u00f3n!<\/strong><\/h1>\n\n\n\n<p><em>Al comenzar el a\u00f1o 2026, <strong>Ali Baydoun<\/strong>, Director de la divisi\u00f3n terciaria, les desea, en nombre de los equipos de <strong>CASTEL<\/strong>, <strong>MWS<\/strong> y <strong>SYNCHRONIC<\/strong>, nuestros mejores deseos de salud y \u00e9xito para este nuevo a\u00f1o.<\/em><\/p>\n\n\n\n<p> El a\u00f1o 2025 ha llegado a su fin, marcado por numerosos proyectos y avances. Un a\u00f1o durante el cual hemos progresado gracias, en particular, al profesionalismo y al alto nivel de exigencia de los colaboradores de la divisi\u00f3n terciaria, as\u00ed como a los s\u00f3lidos valores compartidos por nuestras tres empresas:<\/p>\n\n\n\n<div style=\"height:55px\" aria-hidden=\"true\" class=\"wp-block-spacer\"><\/div>\n\n\n\n<div class=\"wp-block-columns is-layout-flex wp-container-4\">\n<div class=\"wp-block-column is-layout-flow\"><div class=\"wp-block-image\">\n<figure class=\"aligncenter size-full\"><img decoding=\"async\" loading=\"lazy\" width=\"94\" height=\"94\" src=\"https:\/\/www.castel.fr\/wp-fi\/wp-content\/uploads\/2025\/12\/pictogramme-voeux-RSE.png\" alt=\"\" class=\"wp-image-159876\" srcset=\"https:\/\/www.castel.fr\/wp-fi\/wp-content\/uploads\/2025\/12\/pictogramme-voeux-RSE.png 94w, https:\/\/www.castel.fr\/wp-fi\/wp-content\/uploads\/2025\/12\/pictogramme-voeux-RSE-80x80.png 80w\" sizes=\"(max-width: 94px) 100vw, 94px\" \/><\/figure><\/div>\n\n\n<h3 class=\"wp-block-heading has-text-align-center\">Compromiso con la RSE<\/h3>\n\n\n\n<p>Un reto fundamental que integramos en todas las facetas de nuestras empresas: desde el dise\u00f1o de nuestros productos, pasando por la definici\u00f3n de nuestros procesos, hasta nuestras decisiones industriales y nuestros compromisos a favor de un verdadero arraigo local.<\/p>\n<\/div>\n\n\n\n<div class=\"wp-block-column is-layout-flow\"><div class=\"wp-block-image\">\n<figure class=\"aligncenter size-full\"><img decoding=\"async\" loading=\"lazy\" width=\"94\" height=\"94\" src=\"https:\/\/www.castel.fr\/wp-fi\/wp-content\/uploads\/2025\/12\/pictogramme-voeux-proximite-1.png\" alt=\"\" class=\"wp-image-159873\" srcset=\"https:\/\/www.castel.fr\/wp-fi\/wp-content\/uploads\/2025\/12\/pictogramme-voeux-proximite-1.png 94w, https:\/\/www.castel.fr\/wp-fi\/wp-content\/uploads\/2025\/12\/pictogramme-voeux-proximite-1-80x80.png 80w\" sizes=\"(max-width: 94px) 100vw, 94px\" \/><\/figure><\/div>\n\n\n<h3 class=\"wp-block-heading has-text-align-center\">Proximidad<\/h3>\n\n\n\n<p>Un valor que sigue guiando nuestras relaciones con clientes y socios, y que nos permite dise\u00f1ar soluciones lo m\u00e1s cercanas posible a las necesidades del terreno.<\/p>\n<\/div>\n\n\n\n<div class=\"wp-block-column is-layout-flow\"><div class=\"wp-block-image\">\n<figure class=\"aligncenter size-full\"><img decoding=\"async\" loading=\"lazy\" width=\"94\" height=\"94\" src=\"https:\/\/www.castel.fr\/wp-fi\/wp-content\/uploads\/2025\/12\/pictogramme-voeux-France-1.png\" alt=\"\" class=\"wp-image-159867\" srcset=\"https:\/\/www.castel.fr\/wp-fi\/wp-content\/uploads\/2025\/12\/pictogramme-voeux-France-1.png 94w, https:\/\/www.castel.fr\/wp-fi\/wp-content\/uploads\/2025\/12\/pictogramme-voeux-France-1-80x80.png 80w\" sizes=\"(max-width: 94px) 100vw, 94px\" \/><\/figure><\/div>\n\n\n<h3 class=\"wp-block-heading has-text-align-center\">Fabricaci\u00f3n francesa<\/h3>\n\n\n\n<p>Mucho m\u00e1s que una simple etiqueta para nuestro \u00c1rea: un compromiso firme, en el centro de nuestro desarrollo, que garantiza calidad y confianza, as\u00ed como un control total de nuestras cadenas de producci\u00f3n.<\/p>\n<\/div>\n<\/div>\n\n\n\n<div style=\"height:20px\" aria-hidden=\"true\" class=\"wp-block-spacer\"><\/div>\n\n\n\n<p>Pero, sobre todo, 2026 se presenta marcada por lo que constituye nuestro verdadero ADN:<\/p>\n\n\n<div class=\"wp-block-image\">\n<figure class=\"aligncenter size-full\"><img decoding=\"async\" loading=\"lazy\" width=\"94\" height=\"94\" src=\"https:\/\/www.castel.fr\/wp-fi\/wp-content\/uploads\/2025\/12\/pictogramme-voeux-innovation.png\" alt=\"\" class=\"wp-image-159870\" srcset=\"https:\/\/www.castel.fr\/wp-fi\/wp-content\/uploads\/2025\/12\/pictogramme-voeux-innovation.png 94w, https:\/\/www.castel.fr\/wp-fi\/wp-content\/uploads\/2025\/12\/pictogramme-voeux-innovation-80x80.png 80w\" sizes=\"(max-width: 94px) 100vw, 94px\" \/><\/figure><\/div>\n\n\n<h2 class=\"wp-block-heading has-text-align-center has-text-color\" style=\"color:#005ea0\"><strong>la innovaci\u00f3n,<\/strong><br><strong>el motor de nuestra divisi\u00f3n terciaria!<\/strong><\/h2>\n\n\n\n<p>Nuestra creatividad y nuestra capacidad colectiva para dise\u00f1ar las soluciones del ma\u00f1ana representan hoy nuestra verdadera fortaleza. Una fortaleza que cultivamos y desarrollamos a trav\u00e9s de importantes inversiones:<\/p>\n\n\n\n<p><strong>En nuestras herramientas de trabajo y soluciones<\/strong>: innovaci\u00f3n tecnol\u00f3gica, modernizaci\u00f3n de nuestras plataformas, refuerzo de la ciberseguridad, mejora de la experiencia de usuario\u2026<\/p>\n\n\n\n<p><strong>En los recursos humanos<\/strong> de nuestras tres empresas, con m\u00e1s de 70 ingenieros y t\u00e9cnicos especializados en electr\u00f3nica, ciberseguridad, inteligencia artificial, software embebido, y soluciones m\u00f3viles.<\/p>\n\n\n\n<p>Una inversi\u00f3n esencial con el objetivo de construir una aut\u00e9ntica estrategia de anticipaci\u00f3n e innovaci\u00f3n. 2026 ser\u00e1 un a\u00f1o lleno de novedades, tecnolog\u00edas reforzadas y soluciones cada vez m\u00e1s eficientes y seguras.<\/p>\n\n\n\n<div style=\"height:30px\" aria-hidden=\"true\" class=\"wp-block-spacer\"><\/div>\n\n\n\n<p><strong>\u00a1Gracias por su confianza pasada, presente y futura!<\/strong><\/p>\n\n\n\n<div style=\"height:43px\" aria-hidden=\"true\" class=\"wp-block-spacer\"><\/div>\n\n\n\n<p class=\"has-text-align-right\"><em><strong>Ali Baydoun<\/strong><br><em>Director de la divisi\u00f3n terciaria<\/em><\/em><\/p>\n\n\n\n<div style=\"height:34px\" aria-hidden=\"true\" class=\"wp-block-spacer\"><\/div>\n\n\n<div class=\"wp-block-image\">\n<figure class=\"aligncenter size-full\"><img decoding=\"async\" loading=\"lazy\" width=\"709\" height=\"425\" src=\"https:\/\/www.castel.fr\/wp-fi\/wp-content\/uploads\/2026\/01\/visuel-site-internet-ES.png\" alt=\"\" class=\"wp-image-160788\" srcset=\"https:\/\/www.castel.fr\/wp-fi\/wp-content\/uploads\/2026\/01\/visuel-site-internet-ES.png 709w, https:\/\/www.castel.fr\/wp-fi\/wp-content\/uploads\/2026\/01\/visuel-site-internet-ES-300x180.png 300w\" sizes=\"(max-width: 709px) 100vw, 709px\" \/><\/figure><\/div>","protected":false},"excerpt":{"rendered":"","protected":false},"author":10,"featured_media":160794,"parent":0,"menu_order":0,"comment_status":"closed","ping_status":"closed","template":"","meta":{"_expiration-date-status":"","_expiration-date":0,"_expiration-date-type":"","_expiration-date-categories":[],"_expiration-date-options":[]},"acf":[],"yoast_head":"<!-- This site is optimized with the Yoast SEO plugin v18.6 - https:\/\/yoast.com\/wordpress\/plugins\/seo\/ -->\n<title>\u00a1Feliz A\u00f1o Nuevo! - Castel, communication &amp; security<\/title>\n<meta name=\"robots\" content=\"index, follow, max-snippet:-1, max-image-preview:large, max-video-preview:-1\" \/>\n<link rel=\"canonical\" href=\"https:\/\/www.castel.fr\/en\/feliz-ano-nuevo-2\/\" \/>\n<meta property=\"og:locale\" content=\"en_US\" \/>\n<meta property=\"og:type\" content=\"article\" \/>\n<meta property=\"og:title\" content=\"\u00a1Feliz A\u00f1o Nuevo! - Castel, communication &amp; security\" \/>\n<meta property=\"og:url\" content=\"https:\/\/www.castel.fr\/en\/feliz-ano-nuevo-2\/\" \/>\n<meta property=\"og:site_name\" content=\"Castel, communication &amp; security\" \/>\n<meta property=\"article:modified_time\" content=\"2026-01-07T08:56:00+00:00\" \/>\n<meta property=\"og:image\" content=\"https:\/\/www.castel.fr\/wp-fi\/wp-content\/uploads\/2026\/01\/Bandeaux-page-voeux-2026-1920-x-350-px.png\" \/>\n\t<meta property=\"og:image:width\" content=\"1920\" \/>\n\t<meta property=\"og:image:height\" content=\"350\" \/>\n\t<meta property=\"og:image:type\" content=\"image\/png\" \/>\n<meta name=\"twitter:card\" content=\"summary_large_image\" \/>\n<meta name=\"twitter:label1\" content=\"Est. reading time\" \/>\n\t<meta name=\"twitter:data1\" content=\"2 minutes\" \/>\n<script type=\"application\/ld+json\" class=\"yoast-schema-graph\">{\"@context\":\"https:\/\/schema.org\",\"@graph\":[{\"@type\":\"WebSite\",\"@id\":\"https:\/\/www.castel.fr\/#website\",\"url\":\"https:\/\/www.castel.fr\/\",\"name\":\"Castel, communication & security\",\"description\":\"\",\"potentialAction\":[{\"@type\":\"SearchAction\",\"target\":{\"@type\":\"EntryPoint\",\"urlTemplate\":\"https:\/\/www.castel.fr\/?s={search_term_string}\"},\"query-input\":\"required name=search_term_string\"}],\"inLanguage\":\"en-US\"},{\"@type\":\"ImageObject\",\"@id\":\"https:\/\/www.castel.fr\/en\/feliz-ano-nuevo-2\/#primaryimage\",\"inLanguage\":\"en-US\",\"url\":\"https:\/\/www.castel.fr\/wp-fi\/wp-content\/uploads\/2026\/01\/Bandeaux-page-voeux-2026-1920-x-350-px.png\",\"contentUrl\":\"https:\/\/www.castel.fr\/wp-fi\/wp-content\/uploads\/2026\/01\/Bandeaux-page-voeux-2026-1920-x-350-px.png\",\"width\":1920,\"height\":350},{\"@type\":\"WebPage\",\"@id\":\"https:\/\/www.castel.fr\/en\/feliz-ano-nuevo-2\/#webpage\",\"url\":\"https:\/\/www.castel.fr\/en\/feliz-ano-nuevo-2\/\",\"name\":\"\u00a1Feliz A\u00f1o Nuevo! - Castel, communication & security\",\"isPartOf\":{\"@id\":\"https:\/\/www.castel.fr\/#website\"},\"primaryImageOfPage\":{\"@id\":\"https:\/\/www.castel.fr\/en\/feliz-ano-nuevo-2\/#primaryimage\"},\"datePublished\":\"2026-01-07T08:55:00+00:00\",\"dateModified\":\"2026-01-07T08:56:00+00:00\",\"breadcrumb\":{\"@id\":\"https:\/\/www.castel.fr\/en\/feliz-ano-nuevo-2\/#breadcrumb\"},\"inLanguage\":\"en-US\",\"potentialAction\":[{\"@type\":\"ReadAction\",\"target\":[\"https:\/\/www.castel.fr\/en\/feliz-ano-nuevo-2\/\"]}]},{\"@type\":\"BreadcrumbList\",\"@id\":\"https:\/\/www.castel.fr\/en\/feliz-ano-nuevo-2\/#breadcrumb\",\"itemListElement\":[{\"@type\":\"ListItem\",\"position\":1,\"name\":\"Accueil\",\"item\":\"https:\/\/www.castel.fr\/en\/\"},{\"@type\":\"ListItem\",\"position\":2,\"name\":\"\u00a1Feliz A\u00f1o Nuevo!\"}]}]}<\/script>\n<!-- \/ Yoast SEO plugin. -->","yoast_head_json":{"title":"\u00a1Feliz A\u00f1o Nuevo! - Castel, communication & security","robots":{"index":"index","follow":"follow","max-snippet":"max-snippet:-1","max-image-preview":"max-image-preview:large","max-video-preview":"max-video-preview:-1"},"canonical":"https:\/\/www.castel.fr\/en\/feliz-ano-nuevo-2\/","og_locale":"en_US","og_type":"article","og_title":"\u00a1Feliz A\u00f1o Nuevo! - Castel, communication & security","og_url":"https:\/\/www.castel.fr\/en\/feliz-ano-nuevo-2\/","og_site_name":"Castel, communication & security","article_modified_time":"2026-01-07T08:56:00+00:00","og_image":[{"width":1920,"height":350,"url":"https:\/\/www.castel.fr\/wp-fi\/wp-content\/uploads\/2026\/01\/Bandeaux-page-voeux-2026-1920-x-350-px.png","type":"image\/png"}],"twitter_card":"summary_large_image","twitter_misc":{"Est. reading time":"2 minutes"},"schema":{"@context":"https:\/\/schema.org","@graph":[{"@type":"WebSite","@id":"https:\/\/www.castel.fr\/#website","url":"https:\/\/www.castel.fr\/","name":"Castel, communication & security","description":"","potentialAction":[{"@type":"SearchAction","target":{"@type":"EntryPoint","urlTemplate":"https:\/\/www.castel.fr\/?s={search_term_string}"},"query-input":"required name=search_term_string"}],"inLanguage":"en-US"},{"@type":"ImageObject","@id":"https:\/\/www.castel.fr\/en\/feliz-ano-nuevo-2\/#primaryimage","inLanguage":"en-US","url":"https:\/\/www.castel.fr\/wp-fi\/wp-content\/uploads\/2026\/01\/Bandeaux-page-voeux-2026-1920-x-350-px.png","contentUrl":"https:\/\/www.castel.fr\/wp-fi\/wp-content\/uploads\/2026\/01\/Bandeaux-page-voeux-2026-1920-x-350-px.png","width":1920,"height":350},{"@type":"WebPage","@id":"https:\/\/www.castel.fr\/en\/feliz-ano-nuevo-2\/#webpage","url":"https:\/\/www.castel.fr\/en\/feliz-ano-nuevo-2\/","name":"\u00a1Feliz A\u00f1o Nuevo! - Castel, communication & security","isPartOf":{"@id":"https:\/\/www.castel.fr\/#website"},"primaryImageOfPage":{"@id":"https:\/\/www.castel.fr\/en\/feliz-ano-nuevo-2\/#primaryimage"},"datePublished":"2026-01-07T08:55:00+00:00","dateModified":"2026-01-07T08:56:00+00:00","breadcrumb":{"@id":"https:\/\/www.castel.fr\/en\/feliz-ano-nuevo-2\/#breadcrumb"},"inLanguage":"en-US","potentialAction":[{"@type":"ReadAction","target":["https:\/\/www.castel.fr\/en\/feliz-ano-nuevo-2\/"]}]},{"@type":"BreadcrumbList","@id":"https:\/\/www.castel.fr\/en\/feliz-ano-nuevo-2\/#breadcrumb","itemListElement":[{"@type":"ListItem","position":1,"name":"Accueil","item":"https:\/\/www.castel.fr\/en\/"},{"@type":"ListItem","position":2,"name":"\u00a1Feliz A\u00f1o Nuevo!"}]}]}},"featured_image_src":"https:\/\/www.castel.fr\/wp-fi\/wp-content\/uploads\/2026\/01\/Bandeaux-page-voeux-2026-1920-x-350-px-600x350.png","featured_image_src_square":"https:\/\/www.castel.fr\/wp-fi\/wp-content\/uploads\/2026\/01\/Bandeaux-page-voeux-2026-1920-x-350-px-600x350.png","uagb_featured_image_src":{"full":["https:\/\/www.castel.fr\/wp-fi\/wp-content\/uploads\/2026\/01\/Bandeaux-page-voeux-2026-1920-x-350-px.png",1920,350,false],"thumbnail":["https:\/\/www.castel.fr\/wp-fi\/wp-content\/uploads\/2026\/01\/Bandeaux-page-voeux-2026-1920-x-350-px-150x150.png",150,150,true],"medium":["https:\/\/www.castel.fr\/wp-fi\/wp-content\/uploads\/2026\/01\/Bandeaux-page-voeux-2026-1920-x-350-px-300x55.png",300,55,true],"medium_large":["https:\/\/www.castel.fr\/wp-fi\/wp-content\/uploads\/2026\/01\/Bandeaux-page-voeux-2026-1920-x-350-px-768x140.png",768,140,true],"large":["https:\/\/www.castel.fr\/wp-fi\/wp-content\/uploads\/2026\/01\/Bandeaux-page-voeux-2026-1920-x-350-px-1024x187.png",1024,187,true],"1536x1536":["https:\/\/www.castel.fr\/wp-fi\/wp-content\/uploads\/2026\/01\/Bandeaux-page-voeux-2026-1920-x-350-px-1536x280.png",1536,280,true],"2048x2048":["https:\/\/www.castel.fr\/wp-fi\/wp-content\/uploads\/2026\/01\/Bandeaux-page-voeux-2026-1920-x-350-px.png",1920,350,false],"home-news":["https:\/\/www.castel.fr\/wp-fi\/wp-content\/uploads\/2026\/01\/Bandeaux-page-voeux-2026-1920-x-350-px-320x185.png",320,185,true],"secteur":["https:\/\/www.castel.fr\/wp-fi\/wp-content\/uploads\/2026\/01\/Bandeaux-page-voeux-2026-1920-x-350-px-320x285.png",320,285,true],"entete":["https:\/\/www.castel.fr\/wp-fi\/wp-content\/uploads\/2026\/01\/Bandeaux-page-voeux-2026-1920-x-350-px.png",1920,350,false],"diaporama":["https:\/\/www.castel.fr\/wp-fi\/wp-content\/uploads\/2026\/01\/Bandeaux-page-voeux-2026-1920-x-350-px.png",1920,350,false],"ab-block-post-grid-landscape":["https:\/\/www.castel.fr\/wp-fi\/wp-content\/uploads\/2026\/01\/Bandeaux-page-voeux-2026-1920-x-350-px-600x350.png",600,350,true],"ab-block-post-grid-square":["https:\/\/www.castel.fr\/wp-fi\/wp-content\/uploads\/2026\/01\/Bandeaux-page-voeux-2026-1920-x-350-px-600x350.png",600,350,true],"wpcf7-post-image":["https:\/\/www.castel.fr\/wp-fi\/wp-content\/uploads\/2026\/01\/Bandeaux-page-voeux-2026-1920-x-350-px-80x80.png",80,80,true]},"uagb_author_info":{"display_name":"Paul Santos","author_link":"https:\/\/www.castel.fr\/en\/author\/paul-santos\/"},"uagb_comment_info":0,"uagb_excerpt":null,"_links":{"self":[{"href":"https:\/\/www.castel.fr\/en\/wp-json\/wp\/v2\/pages\/160767"}],"collection":[{"href":"https:\/\/www.castel.fr\/en\/wp-json\/wp\/v2\/pages"}],"about":[{"href":"https:\/\/www.castel.fr\/en\/wp-json\/wp\/v2\/types\/page"}],"author":[{"embeddable":true,"href":"https:\/\/www.castel.fr\/en\/wp-json\/wp\/v2\/users\/10"}],"replies":[{"embeddable":true,"href":"https:\/\/www.castel.fr\/en\/wp-json\/wp\/v2\/comments?post=160767"}],"version-history":[{"count":6,"href":"https:\/\/www.castel.fr\/en\/wp-json\/wp\/v2\/pages\/160767\/revisions"}],"predecessor-version":[{"id":160793,"href":"https:\/\/www.castel.fr\/en\/wp-json\/wp\/v2\/pages\/160767\/revisions\/160793"}],"wp:featuredmedia":[{"embeddable":true,"href":"https:\/\/www.castel.fr\/en\/wp-json\/wp\/v2\/media\/160794"}],"wp:attachment":[{"href":"https:\/\/www.castel.fr\/en\/wp-json\/wp\/v2\/media?parent=160767"}],"curies":[{"name":"wp","href":"https:\/\/api.w.org\/{rel}","templated":true}]}}